{"id":1026,"date":"2024-10-29T13:59:42","date_gmt":"2024-10-29T17:59:42","guid":{"rendered":"https:\/\/lignearabais.ca\/?post_type=product&#038;p=1026"},"modified":"2026-02-20T08:03:55","modified_gmt":"2026-02-20T13:03:55","slug":"apple-iphone-15-plus","status":"publish","type":"product","link":"https:\/\/lignearabais.ca\/en\/product\/apple-iphone-15-plus\/","title":{"rendered":"Apple iPhone 15 Plus"},"content":{"rendered":"<p><strong><span style=\"font-family: 'Calibri',sans-serif\">Fonctionnalit\u00e9s<\/span><\/strong>\u00a0:<\/p>\n<p><strong><span style=\"font-family: 'Calibri',sans-serif\">\u00c9cran<\/span><\/strong> : \u00c9cran Super Retina XDR OLED de 6.7 pouces<\/p>\n<p><strong><span style=\"font-family: 'Calibri',sans-serif\">Appareil Photo Arri\u00e8re\u00a0<\/span><\/strong>: Appareil photo de 48 Mpx grand angle et 12 Mpx ultra grand angle<\/p>\n<p><strong><span style=\"font-family: 'Calibri',sans-serif\">Appareil Photo Avant\u00a0<\/span><\/strong>: Appareil photo de 12 Mpx grand angle<\/p>\n<p><strong><span style=\"font-family: 'Calibri',sans-serif\">Processeur\u00a0<\/span><\/strong>: Puce A16 Bionic<\/p>\n<p>Hexa-core (2&#215;3.46 GHz Everest + 4&#215;2.02 GHz Sawtooth)<\/p>\n<p>RAM : 6 Go<\/p>\n<p><strong><span style=\"font-family: 'Calibri',sans-serif\">eSIM\u00a0<\/span><\/strong>: Oui<\/p>\n","protected":false},"excerpt":{"rendered":"Fonctionnalit\u00e9s\u00a0: \u00c9cran : \u00c9cran Super Retina XDR OLED de 6.7 pouces Appareil Photo Arri\u00e8re\u00a0: Appareil photo de 48 Mpx grand [&hellip;]","protected":false},"featured_media":1031,"comment_status":"closed","ping_status":"closed","template":"","meta":{"_acf_changed":false},"product_brand":[],"product_cat":[43],"product_tag":[],"class_list":{"0":"post-1026","1":"product","2":"type-product","3":"status-publish","4":"has-post-thumbnail","6":"brand-apple","7":"product_cat-usages","9":"first","10":"outofstock","11":"taxable","12":"shipping-taxable","13":"product-type-variable"},"acf":[],"yoast_head":"<!-- This site is optimized with the Yoast SEO plugin v27.2 - https:\/\/yoast.com\/product\/yoast-seo-wordpress\/ -->\n<title>Apple iPhone 15 Plus - Ligne \u00e0 rabais<\/title>\n<meta name=\"robots\" content=\"index, follow, max-snippet:-1, max-image-preview:large, max-video-preview:-1\" \/>\n<link rel=\"canonical\" href=\"https:\/\/lignearabais.ca\/en\/product\/apple-iphone-15-plus\/\" \/>\n<meta property=\"og:locale\" content=\"en_US\" \/>\n<meta property=\"og:type\" content=\"article\" \/>\n<meta property=\"og:title\" content=\"Apple iPhone 15 Plus - Ligne \u00e0 rabais\" \/>\n<meta property=\"og:description\" content=\"Fonctionnalit\u00e9s\u00a0: \u00c9cran : \u00c9cran Super Retina XDR OLED de 6.7 pouces Appareil Photo Arri\u00e8re\u00a0: Appareil photo de 48 Mpx grand [&hellip;]\" \/>\n<meta property=\"og:url\" content=\"https:\/\/lignearabais.ca\/en\/product\/apple-iphone-15-plus\/\" \/>\n<meta property=\"og:site_name\" content=\"Ligne \u00e0 rabais\" \/>\n<meta property=\"article:modified_time\" content=\"2026-02-20T13:03:55+00:00\" \/>\n<meta property=\"og:image\" content=\"https:\/\/lignearabais.ca\/wp-content\/uploads\/2024\/10\/ip-15-noir-3-1-scaled.jpeg\" \/>\n\t<meta property=\"og:image:width\" content=\"1920\" \/>\n\t<meta property=\"og:image:height\" content=\"2560\" \/>\n\t<meta property=\"og:image:type\" content=\"image\/jpeg\" \/>\n<meta name=\"twitter:card\" content=\"summary_large_image\" \/>\n<meta name=\"twitter:label1\" content=\"Est. reading time\" \/>\n\t<meta name=\"twitter:data1\" content=\"1 minute\" \/>\n<script type=\"application\/ld+json\" class=\"yoast-schema-graph\">{\"@context\":\"https:\/\/schema.org\",\"@graph\":[{\"@type\":\"WebPage\",\"@id\":\"https:\/\/lignearabais.ca\/en\/product\/apple-iphone-15-plus\/\",\"url\":\"https:\/\/lignearabais.ca\/en\/product\/apple-iphone-15-plus\/\",\"name\":\"Apple iPhone 15 Plus - Ligne \u00e0 rabais\",\"isPartOf\":{\"@id\":\"https:\/\/lignearabais.ca\/en\/#website\"},\"primaryImageOfPage\":{\"@id\":\"https:\/\/lignearabais.ca\/en\/product\/apple-iphone-15-plus\/#primaryimage\"},\"image\":{\"@id\":\"https:\/\/lignearabais.ca\/en\/product\/apple-iphone-15-plus\/#primaryimage\"},\"thumbnailUrl\":\"https:\/\/lignearabais.ca\/wp-content\/uploads\/2024\/10\/ip-15-noir-3-1-scaled.jpeg\",\"datePublished\":\"2024-10-29T17:59:42+00:00\",\"dateModified\":\"2026-02-20T13:03:55+00:00\",\"breadcrumb\":{\"@id\":\"https:\/\/lignearabais.ca\/en\/product\/apple-iphone-15-plus\/#breadcrumb\"},\"inLanguage\":\"en-US\",\"potentialAction\":[{\"@type\":\"ReadAction\",\"target\":[\"https:\/\/lignearabais.ca\/en\/product\/apple-iphone-15-plus\/\"]}]},{\"@type\":\"ImageObject\",\"inLanguage\":\"en-US\",\"@id\":\"https:\/\/lignearabais.ca\/en\/product\/apple-iphone-15-plus\/#primaryimage\",\"url\":\"https:\/\/lignearabais.ca\/wp-content\/uploads\/2024\/10\/ip-15-noir-3-1-scaled.jpeg\",\"contentUrl\":\"https:\/\/lignearabais.ca\/wp-content\/uploads\/2024\/10\/ip-15-noir-3-1-scaled.jpeg\",\"width\":1920,\"height\":2560},{\"@type\":\"BreadcrumbList\",\"@id\":\"https:\/\/lignearabais.ca\/en\/product\/apple-iphone-15-plus\/#breadcrumb\",\"itemListElement\":[{\"@type\":\"ListItem\",\"position\":1,\"name\":\"Accueil\",\"item\":\"https:\/\/lignearabais.ca\/en\/\"},{\"@type\":\"ListItem\",\"position\":2,\"name\":\"Shop\",\"item\":\"https:\/\/lignearabais.ca\/en\/shop\/\"},{\"@type\":\"ListItem\",\"position\":3,\"name\":\"Apple iPhone 15 Plus\"}]},{\"@type\":\"WebSite\",\"@id\":\"https:\/\/lignearabais.ca\/en\/#website\",\"url\":\"https:\/\/lignearabais.ca\/en\/\",\"name\":\"Ligne \u00e0 rabais\",\"description\":\"\",\"potentialAction\":[{\"@type\":\"SearchAction\",\"target\":{\"@type\":\"EntryPoint\",\"urlTemplate\":\"https:\/\/lignearabais.ca\/en\/?s={search_term_string}\"},\"query-input\":{\"@type\":\"PropertyValueSpecification\",\"valueRequired\":true,\"valueName\":\"search_term_string\"}}],\"inLanguage\":\"en-US\"}]}<\/script>\n<!-- \/ Yoast SEO plugin. -->","yoast_head_json":{"title":"Apple iPhone 15 Plus - Ligne \u00e0 rabais","robots":{"index":"index","follow":"follow","max-snippet":"max-snippet:-1","max-image-preview":"max-image-preview:large","max-video-preview":"max-video-preview:-1"},"canonical":"https:\/\/lignearabais.ca\/en\/product\/apple-iphone-15-plus\/","og_locale":"en_US","og_type":"article","og_title":"Apple iPhone 15 Plus - Ligne \u00e0 rabais","og_description":"Fonctionnalit\u00e9s\u00a0: \u00c9cran : \u00c9cran Super Retina XDR OLED de 6.7 pouces Appareil Photo Arri\u00e8re\u00a0: Appareil photo de 48 Mpx grand [&hellip;]","og_url":"https:\/\/lignearabais.ca\/en\/product\/apple-iphone-15-plus\/","og_site_name":"Ligne \u00e0 rabais","article_modified_time":"2026-02-20T13:03:55+00:00","og_image":[{"width":1920,"height":2560,"url":"https:\/\/lignearabais.ca\/wp-content\/uploads\/2024\/10\/ip-15-noir-3-1-scaled.jpeg","type":"image\/jpeg"}],"twitter_card":"summary_large_image","twitter_misc":{"Est. reading time":"1 minute"},"schema":{"@context":"https:\/\/schema.org","@graph":[{"@type":"WebPage","@id":"https:\/\/lignearabais.ca\/en\/product\/apple-iphone-15-plus\/","url":"https:\/\/lignearabais.ca\/en\/product\/apple-iphone-15-plus\/","name":"Apple iPhone 15 Plus - Ligne \u00e0 rabais","isPartOf":{"@id":"https:\/\/lignearabais.ca\/en\/#website"},"primaryImageOfPage":{"@id":"https:\/\/lignearabais.ca\/en\/product\/apple-iphone-15-plus\/#primaryimage"},"image":{"@id":"https:\/\/lignearabais.ca\/en\/product\/apple-iphone-15-plus\/#primaryimage"},"thumbnailUrl":"https:\/\/lignearabais.ca\/wp-content\/uploads\/2024\/10\/ip-15-noir-3-1-scaled.jpeg","datePublished":"2024-10-29T17:59:42+00:00","dateModified":"2026-02-20T13:03:55+00:00","breadcrumb":{"@id":"https:\/\/lignearabais.ca\/en\/product\/apple-iphone-15-plus\/#breadcrumb"},"inLanguage":"en-US","potentialAction":[{"@type":"ReadAction","target":["https:\/\/lignearabais.ca\/en\/product\/apple-iphone-15-plus\/"]}]},{"@type":"ImageObject","inLanguage":"en-US","@id":"https:\/\/lignearabais.ca\/en\/product\/apple-iphone-15-plus\/#primaryimage","url":"https:\/\/lignearabais.ca\/wp-content\/uploads\/2024\/10\/ip-15-noir-3-1-scaled.jpeg","contentUrl":"https:\/\/lignearabais.ca\/wp-content\/uploads\/2024\/10\/ip-15-noir-3-1-scaled.jpeg","width":1920,"height":2560},{"@type":"BreadcrumbList","@id":"https:\/\/lignearabais.ca\/en\/product\/apple-iphone-15-plus\/#breadcrumb","itemListElement":[{"@type":"ListItem","position":1,"name":"Accueil","item":"https:\/\/lignearabais.ca\/en\/"},{"@type":"ListItem","position":2,"name":"Shop","item":"https:\/\/lignearabais.ca\/en\/shop\/"},{"@type":"ListItem","position":3,"name":"Apple iPhone 15 Plus"}]},{"@type":"WebSite","@id":"https:\/\/lignearabais.ca\/en\/#website","url":"https:\/\/lignearabais.ca\/en\/","name":"Ligne \u00e0 rabais","description":"","potentialAction":[{"@type":"SearchAction","target":{"@type":"EntryPoint","urlTemplate":"https:\/\/lignearabais.ca\/en\/?s={search_term_string}"},"query-input":{"@type":"PropertyValueSpecification","valueRequired":true,"valueName":"search_term_string"}}],"inLanguage":"en-US"}]}},"_links":{"self":[{"href":"https:\/\/lignearabais.ca\/en\/wp-json\/wp\/v2\/product\/1026","targetHints":{"allow":["GET"]}}],"collection":[{"href":"https:\/\/lignearabais.ca\/en\/wp-json\/wp\/v2\/product"}],"about":[{"href":"https:\/\/lignearabais.ca\/en\/wp-json\/wp\/v2\/types\/product"}],"replies":[{"embeddable":true,"href":"https:\/\/lignearabais.ca\/en\/wp-json\/wp\/v2\/comments?post=1026"}],"wp:featuredmedia":[{"embeddable":true,"href":"https:\/\/lignearabais.ca\/en\/wp-json\/wp\/v2\/media\/1031"}],"wp:attachment":[{"href":"https:\/\/lignearabais.ca\/en\/wp-json\/wp\/v2\/media?parent=1026"}],"wp:term":[{"taxonomy":"product_brand","embeddable":true,"href":"https:\/\/lignearabais.ca\/en\/wp-json\/wp\/v2\/product_brand?post=1026"},{"taxonomy":"product_cat","embeddable":true,"href":"https:\/\/lignearabais.ca\/en\/wp-json\/wp\/v2\/product_cat?post=1026"},{"taxonomy":"product_tag","embeddable":true,"href":"https:\/\/lignearabais.ca\/en\/wp-json\/wp\/v2\/product_tag?post=1026"}],"curies":[{"name":"wp","href":"https:\/\/api.w.org\/{rel}","templated":true}]}}