{"id":1039,"date":"2024-10-29T14:11:08","date_gmt":"2024-10-29T18:11:08","guid":{"rendered":"https:\/\/lignearabais.ca\/?post_type=product&#038;p=1039"},"modified":"2026-04-08T13:28:47","modified_gmt":"2026-04-08T17:28:47","slug":"apple-iphone-15-pro","status":"publish","type":"product","link":"https:\/\/lignearabais.ca\/en\/product\/apple-iphone-15-pro\/","title":{"rendered":"Apple iPhone 15 Pro"},"content":{"rendered":"<p><strong><span style=\"font-family: 'Calibri',sans-serif;\">Fonctionnalit\u00e9s<\/span><\/strong>\u00a0:<\/p>\n<p><strong><span style=\"font-family: 'Calibri',sans-serif;\">\u00c9cran<\/span><\/strong> : \u00c9cran LTPO Super Retina XDR OLED de 6.1 pouces<\/p>\n<p><strong><span style=\"font-family: 'Calibri',sans-serif;\">Appareil Photo Arri\u00e8re\u00a0<\/span><\/strong>: Appareil photo de 48 Mpx grand angle, 12 Mpx t\u00e9l\u00e9objectif et 12 Mpx ultra grand angle<\/p>\n<p><strong><span style=\"font-family: 'Calibri',sans-serif;\">Appareil Photo Avant\u00a0<\/span><\/strong>: Appareil photo de 12 Mpx grand angle<\/p>\n<p><strong><span style=\"font-family: 'Calibri',sans-serif;\">Processeur\u00a0<\/span><\/strong>: Puce A17 Pro<\/p>\n<p>Hexa-core (2&#215;3.78 GHz + 4&#215;2.11 GHz)<\/p>\n<p>RAM : 8 Go<\/p>\n<p><strong><span style=\"font-family: 'Calibri',sans-serif;\">eSIM\u00a0<\/span><\/strong>: Oui<\/p>\n","protected":false},"excerpt":{"rendered":"Fonctionnalit\u00e9s\u00a0: \u00c9cran : \u00c9cran LTPO Super Retina XDR OLED de 6.1 pouces Appareil Photo Arri\u00e8re\u00a0: Appareil photo de 48 Mpx [&hellip;]","protected":false},"featured_media":10985,"comment_status":"closed","ping_status":"closed","template":"","meta":{"_acf_changed":false},"product_brand":[],"product_cat":[43],"product_tag":[],"class_list":{"0":"post-1039","1":"product","2":"type-product","3":"status-publish","4":"has-post-thumbnail","6":"brand-apple","7":"product_cat-usages","9":"first","10":"instock","11":"taxable","12":"shipping-taxable","13":"purchasable","14":"product-type-variable"},"acf":[],"yoast_head":"<!-- This site is optimized with the Yoast SEO plugin v27.2 - https:\/\/yoast.com\/product\/yoast-seo-wordpress\/ -->\n<title>Apple iPhone 15 Pro - Ligne \u00e0 rabais<\/title>\n<meta name=\"robots\" content=\"index, follow, max-snippet:-1, max-image-preview:large, max-video-preview:-1\" \/>\n<link rel=\"canonical\" href=\"https:\/\/lignearabais.ca\/en\/product\/apple-iphone-15-pro\/\" \/>\n<meta property=\"og:locale\" content=\"en_US\" \/>\n<meta property=\"og:type\" content=\"article\" \/>\n<meta property=\"og:title\" content=\"Apple iPhone 15 Pro - Ligne \u00e0 rabais\" \/>\n<meta property=\"og:description\" content=\"Fonctionnalit\u00e9s\u00a0: \u00c9cran : \u00c9cran LTPO Super Retina XDR OLED de 6.1 pouces Appareil Photo Arri\u00e8re\u00a0: Appareil photo de 48 Mpx [&hellip;]\" \/>\n<meta property=\"og:url\" content=\"https:\/\/lignearabais.ca\/en\/product\/apple-iphone-15-pro\/\" \/>\n<meta property=\"og:site_name\" content=\"Ligne \u00e0 rabais\" \/>\n<meta property=\"article:modified_time\" content=\"2026-04-08T17:28:47+00:00\" \/>\n<meta property=\"og:image\" content=\"https:\/\/lignearabais.ca\/wp-content\/uploads\/2024\/10\/Iphone-15-Pro-Devant.webp\" \/>\n\t<meta property=\"og:image:width\" content=\"480\" \/>\n\t<meta property=\"og:image:height\" content=\"480\" \/>\n\t<meta property=\"og:image:type\" content=\"image\/webp\" \/>\n<meta name=\"twitter:card\" content=\"summary_large_image\" \/>\n<meta name=\"twitter:label1\" content=\"Est. reading time\" \/>\n\t<meta name=\"twitter:data1\" content=\"1 minute\" \/>\n<script type=\"application\/ld+json\" class=\"yoast-schema-graph\">{\"@context\":\"https:\/\/schema.org\",\"@graph\":[{\"@type\":\"WebPage\",\"@id\":\"https:\/\/lignearabais.ca\/en\/product\/apple-iphone-15-pro\/\",\"url\":\"https:\/\/lignearabais.ca\/en\/product\/apple-iphone-15-pro\/\",\"name\":\"Apple iPhone 15 Pro - Ligne \u00e0 rabais\",\"isPartOf\":{\"@id\":\"https:\/\/lignearabais.ca\/en\/#website\"},\"primaryImageOfPage\":{\"@id\":\"https:\/\/lignearabais.ca\/en\/product\/apple-iphone-15-pro\/#primaryimage\"},\"image\":{\"@id\":\"https:\/\/lignearabais.ca\/en\/product\/apple-iphone-15-pro\/#primaryimage\"},\"thumbnailUrl\":\"https:\/\/lignearabais.ca\/wp-content\/uploads\/2024\/10\/Iphone-15-Pro-Devant.webp\",\"datePublished\":\"2024-10-29T18:11:08+00:00\",\"dateModified\":\"2026-04-08T17:28:47+00:00\",\"breadcrumb\":{\"@id\":\"https:\/\/lignearabais.ca\/en\/product\/apple-iphone-15-pro\/#breadcrumb\"},\"inLanguage\":\"en-US\",\"potentialAction\":[{\"@type\":\"ReadAction\",\"target\":[\"https:\/\/lignearabais.ca\/en\/product\/apple-iphone-15-pro\/\"]}]},{\"@type\":\"ImageObject\",\"inLanguage\":\"en-US\",\"@id\":\"https:\/\/lignearabais.ca\/en\/product\/apple-iphone-15-pro\/#primaryimage\",\"url\":\"https:\/\/lignearabais.ca\/wp-content\/uploads\/2024\/10\/Iphone-15-Pro-Devant.webp\",\"contentUrl\":\"https:\/\/lignearabais.ca\/wp-content\/uploads\/2024\/10\/Iphone-15-Pro-Devant.webp\",\"width\":480,\"height\":480},{\"@type\":\"BreadcrumbList\",\"@id\":\"https:\/\/lignearabais.ca\/en\/product\/apple-iphone-15-pro\/#breadcrumb\",\"itemListElement\":[{\"@type\":\"ListItem\",\"position\":1,\"name\":\"Accueil\",\"item\":\"https:\/\/lignearabais.ca\/en\/\"},{\"@type\":\"ListItem\",\"position\":2,\"name\":\"Shop\",\"item\":\"https:\/\/lignearabais.ca\/en\/shop\/\"},{\"@type\":\"ListItem\",\"position\":3,\"name\":\"Apple iPhone 15 Pro\"}]},{\"@type\":\"WebSite\",\"@id\":\"https:\/\/lignearabais.ca\/en\/#website\",\"url\":\"https:\/\/lignearabais.ca\/en\/\",\"name\":\"Ligne \u00e0 rabais\",\"description\":\"\",\"potentialAction\":[{\"@type\":\"SearchAction\",\"target\":{\"@type\":\"EntryPoint\",\"urlTemplate\":\"https:\/\/lignearabais.ca\/en\/?s={search_term_string}\"},\"query-input\":{\"@type\":\"PropertyValueSpecification\",\"valueRequired\":true,\"valueName\":\"search_term_string\"}}],\"inLanguage\":\"en-US\"}]}<\/script>\n<!-- \/ Yoast SEO plugin. -->","yoast_head_json":{"title":"Apple iPhone 15 Pro - Ligne \u00e0 rabais","robots":{"index":"index","follow":"follow","max-snippet":"max-snippet:-1","max-image-preview":"max-image-preview:large","max-video-preview":"max-video-preview:-1"},"canonical":"https:\/\/lignearabais.ca\/en\/product\/apple-iphone-15-pro\/","og_locale":"en_US","og_type":"article","og_title":"Apple iPhone 15 Pro - Ligne \u00e0 rabais","og_description":"Fonctionnalit\u00e9s\u00a0: \u00c9cran : \u00c9cran LTPO Super Retina XDR OLED de 6.1 pouces Appareil Photo Arri\u00e8re\u00a0: Appareil photo de 48 Mpx [&hellip;]","og_url":"https:\/\/lignearabais.ca\/en\/product\/apple-iphone-15-pro\/","og_site_name":"Ligne \u00e0 rabais","article_modified_time":"2026-04-08T17:28:47+00:00","og_image":[{"width":480,"height":480,"url":"https:\/\/lignearabais.ca\/wp-content\/uploads\/2024\/10\/Iphone-15-Pro-Devant.webp","type":"image\/webp"}],"twitter_card":"summary_large_image","twitter_misc":{"Est. reading time":"1 minute"},"schema":{"@context":"https:\/\/schema.org","@graph":[{"@type":"WebPage","@id":"https:\/\/lignearabais.ca\/en\/product\/apple-iphone-15-pro\/","url":"https:\/\/lignearabais.ca\/en\/product\/apple-iphone-15-pro\/","name":"Apple iPhone 15 Pro - Ligne \u00e0 rabais","isPartOf":{"@id":"https:\/\/lignearabais.ca\/en\/#website"},"primaryImageOfPage":{"@id":"https:\/\/lignearabais.ca\/en\/product\/apple-iphone-15-pro\/#primaryimage"},"image":{"@id":"https:\/\/lignearabais.ca\/en\/product\/apple-iphone-15-pro\/#primaryimage"},"thumbnailUrl":"https:\/\/lignearabais.ca\/wp-content\/uploads\/2024\/10\/Iphone-15-Pro-Devant.webp","datePublished":"2024-10-29T18:11:08+00:00","dateModified":"2026-04-08T17:28:47+00:00","breadcrumb":{"@id":"https:\/\/lignearabais.ca\/en\/product\/apple-iphone-15-pro\/#breadcrumb"},"inLanguage":"en-US","potentialAction":[{"@type":"ReadAction","target":["https:\/\/lignearabais.ca\/en\/product\/apple-iphone-15-pro\/"]}]},{"@type":"ImageObject","inLanguage":"en-US","@id":"https:\/\/lignearabais.ca\/en\/product\/apple-iphone-15-pro\/#primaryimage","url":"https:\/\/lignearabais.ca\/wp-content\/uploads\/2024\/10\/Iphone-15-Pro-Devant.webp","contentUrl":"https:\/\/lignearabais.ca\/wp-content\/uploads\/2024\/10\/Iphone-15-Pro-Devant.webp","width":480,"height":480},{"@type":"BreadcrumbList","@id":"https:\/\/lignearabais.ca\/en\/product\/apple-iphone-15-pro\/#breadcrumb","itemListElement":[{"@type":"ListItem","position":1,"name":"Accueil","item":"https:\/\/lignearabais.ca\/en\/"},{"@type":"ListItem","position":2,"name":"Shop","item":"https:\/\/lignearabais.ca\/en\/shop\/"},{"@type":"ListItem","position":3,"name":"Apple iPhone 15 Pro"}]},{"@type":"WebSite","@id":"https:\/\/lignearabais.ca\/en\/#website","url":"https:\/\/lignearabais.ca\/en\/","name":"Ligne \u00e0 rabais","description":"","potentialAction":[{"@type":"SearchAction","target":{"@type":"EntryPoint","urlTemplate":"https:\/\/lignearabais.ca\/en\/?s={search_term_string}"},"query-input":{"@type":"PropertyValueSpecification","valueRequired":true,"valueName":"search_term_string"}}],"inLanguage":"en-US"}]}},"_links":{"self":[{"href":"https:\/\/lignearabais.ca\/en\/wp-json\/wp\/v2\/product\/1039","targetHints":{"allow":["GET"]}}],"collection":[{"href":"https:\/\/lignearabais.ca\/en\/wp-json\/wp\/v2\/product"}],"about":[{"href":"https:\/\/lignearabais.ca\/en\/wp-json\/wp\/v2\/types\/product"}],"replies":[{"embeddable":true,"href":"https:\/\/lignearabais.ca\/en\/wp-json\/wp\/v2\/comments?post=1039"}],"wp:featuredmedia":[{"embeddable":true,"href":"https:\/\/lignearabais.ca\/en\/wp-json\/wp\/v2\/media\/10985"}],"wp:attachment":[{"href":"https:\/\/lignearabais.ca\/en\/wp-json\/wp\/v2\/media?parent=1039"}],"wp:term":[{"taxonomy":"product_brand","embeddable":true,"href":"https:\/\/lignearabais.ca\/en\/wp-json\/wp\/v2\/product_brand?post=1039"},{"taxonomy":"product_cat","embeddable":true,"href":"https:\/\/lignearabais.ca\/en\/wp-json\/wp\/v2\/product_cat?post=1039"},{"taxonomy":"product_tag","embeddable":true,"href":"https:\/\/lignearabais.ca\/en\/wp-json\/wp\/v2\/product_tag?post=1039"}],"curies":[{"name":"wp","href":"https:\/\/api.w.org\/{rel}","templated":true}]}}