{"id":1089,"date":"2024-10-29T15:48:26","date_gmt":"2024-10-29T19:48:26","guid":{"rendered":"https:\/\/lignearabais.ca\/?post_type=product&#038;p=1089"},"modified":"2025-07-03T10:38:41","modified_gmt":"2025-07-03T14:38:41","slug":"samsung-galaxy-s22","status":"publish","type":"product","link":"https:\/\/lignearabais.ca\/en\/product\/samsung-galaxy-s22\/","title":{"rendered":"Samsung Galaxy S22"},"content":{"rendered":"<p><strong><span style=\"font-family: 'Calibri',sans-serif\">Fonctionnalit\u00e9s<\/span><\/strong>\u00a0:<\/p>\n<p><strong><span style=\"font-family: 'Calibri',sans-serif\">\u00c9cran<\/span><\/strong> : \u00c9cran Dynamic AMOLED de 6.1 pouces<\/p>\n<p><strong><span style=\"font-family: 'Calibri',sans-serif\">Appareil Photo Arri\u00e8re\u00a0<\/span><\/strong>: Appareil photo de 50 Mpx grand angle, 10 Mpx t\u00e9l\u00e9objectif et 12 Mpx ultra grand angle<\/p>\n<p><strong><span style=\"font-family: 'Calibri',sans-serif\">Appareil Photo Avant\u00a0<\/span><\/strong>: Appareil photo de 10 Mpx grand angle<\/p>\n<p><strong><span style=\"font-family: 'Calibri',sans-serif\">Processeur\u00a0<\/span><\/strong>: Qualcomm SM8450 Snapdragon 8 Gen 1<\/p>\n<p>Octa-core (1&#215;3.00 GHz Cortex-X2 &amp; 3&#215;2.50 GHz Cortex-A710 &amp; 4&#215;1.80 GHz Cortex-A510)<\/p>\n<p>RAM : 8 Go<\/p>\n<p><strong><span style=\"font-family: 'Calibri',sans-serif\">eSIM\u00a0<\/span><\/strong>: Oui<\/p>\n","protected":false},"excerpt":{"rendered":"Fonctionnalit\u00e9s\u00a0: \u00c9cran : \u00c9cran Dynamic AMOLED de 6.1 pouces Appareil Photo Arri\u00e8re\u00a0: Appareil photo de 50 Mpx grand angle, 10 [&hellip;]","protected":false},"featured_media":0,"comment_status":"closed","ping_status":"closed","template":"","meta":{"_acf_changed":false},"product_brand":[],"product_cat":[43],"product_tag":[],"class_list":{"0":"post-1089","1":"product","2":"type-product","3":"status-publish","5":"brand-samsung","6":"product_cat-usages","8":"first","9":"outofstock","10":"taxable","11":"shipping-taxable","12":"product-type-variable"},"acf":[],"yoast_head":"<!-- This site is optimized with the Yoast SEO plugin v27.2 - https:\/\/yoast.com\/product\/yoast-seo-wordpress\/ -->\n<title>Samsung Galaxy S22 - Ligne \u00e0 rabais<\/title>\n<meta name=\"robots\" content=\"index, follow, max-snippet:-1, max-image-preview:large, max-video-preview:-1\" \/>\n<link rel=\"canonical\" href=\"https:\/\/lignearabais.ca\/en\/product\/samsung-galaxy-s22\/\" \/>\n<meta property=\"og:locale\" content=\"en_US\" \/>\n<meta property=\"og:type\" content=\"article\" \/>\n<meta property=\"og:title\" content=\"Samsung Galaxy S22 - Ligne \u00e0 rabais\" \/>\n<meta property=\"og:description\" content=\"Fonctionnalit\u00e9s\u00a0: \u00c9cran : \u00c9cran Dynamic AMOLED de 6.1 pouces Appareil Photo Arri\u00e8re\u00a0: Appareil photo de 50 Mpx grand angle, 10 [&hellip;]\" \/>\n<meta property=\"og:url\" content=\"https:\/\/lignearabais.ca\/en\/product\/samsung-galaxy-s22\/\" \/>\n<meta property=\"og:site_name\" content=\"Ligne \u00e0 rabais\" \/>\n<meta property=\"article:modified_time\" content=\"2025-07-03T14:38:41+00:00\" \/>\n<meta property=\"og:image\" content=\"https:\/\/lignearabais.ca\/wp-content\/uploads\/2024\/10\/S22-noir-3-scaled.jpg\" \/>\n\t<meta property=\"og:image:width\" content=\"1920\" \/>\n\t<meta property=\"og:image:height\" content=\"2560\" \/>\n\t<meta property=\"og:image:type\" content=\"image\/jpeg\" \/>\n<meta name=\"twitter:card\" content=\"summary_large_image\" \/>\n<meta name=\"twitter:label1\" content=\"Est. reading time\" \/>\n\t<meta name=\"twitter:data1\" content=\"1 minute\" \/>\n<script type=\"application\/ld+json\" class=\"yoast-schema-graph\">{\"@context\":\"https:\/\/schema.org\",\"@graph\":[{\"@type\":\"WebPage\",\"@id\":\"https:\/\/lignearabais.ca\/en\/product\/samsung-galaxy-s22\/\",\"url\":\"https:\/\/lignearabais.ca\/en\/product\/samsung-galaxy-s22\/\",\"name\":\"Samsung Galaxy S22 - Ligne \u00e0 rabais\",\"isPartOf\":{\"@id\":\"https:\/\/lignearabais.ca\/en\/#website\"},\"datePublished\":\"2024-10-29T19:48:26+00:00\",\"dateModified\":\"2025-07-03T14:38:41+00:00\",\"breadcrumb\":{\"@id\":\"https:\/\/lignearabais.ca\/en\/product\/samsung-galaxy-s22\/#breadcrumb\"},\"inLanguage\":\"en-US\",\"potentialAction\":[{\"@type\":\"ReadAction\",\"target\":[\"https:\/\/lignearabais.ca\/en\/product\/samsung-galaxy-s22\/\"]}]},{\"@type\":\"BreadcrumbList\",\"@id\":\"https:\/\/lignearabais.ca\/en\/product\/samsung-galaxy-s22\/#breadcrumb\",\"itemListElement\":[{\"@type\":\"ListItem\",\"position\":1,\"name\":\"Accueil\",\"item\":\"https:\/\/lignearabais.ca\/en\/\"},{\"@type\":\"ListItem\",\"position\":2,\"name\":\"Shop\",\"item\":\"https:\/\/lignearabais.ca\/en\/shop\/\"},{\"@type\":\"ListItem\",\"position\":3,\"name\":\"Samsung Galaxy S22\"}]},{\"@type\":\"WebSite\",\"@id\":\"https:\/\/lignearabais.ca\/en\/#website\",\"url\":\"https:\/\/lignearabais.ca\/en\/\",\"name\":\"Ligne \u00e0 rabais\",\"description\":\"\",\"potentialAction\":[{\"@type\":\"SearchAction\",\"target\":{\"@type\":\"EntryPoint\",\"urlTemplate\":\"https:\/\/lignearabais.ca\/en\/?s={search_term_string}\"},\"query-input\":{\"@type\":\"PropertyValueSpecification\",\"valueRequired\":true,\"valueName\":\"search_term_string\"}}],\"inLanguage\":\"en-US\"}]}<\/script>\n<!-- \/ Yoast SEO plugin. -->","yoast_head_json":{"title":"Samsung Galaxy S22 - Ligne \u00e0 rabais","robots":{"index":"index","follow":"follow","max-snippet":"max-snippet:-1","max-image-preview":"max-image-preview:large","max-video-preview":"max-video-preview:-1"},"canonical":"https:\/\/lignearabais.ca\/en\/product\/samsung-galaxy-s22\/","og_locale":"en_US","og_type":"article","og_title":"Samsung Galaxy S22 - Ligne \u00e0 rabais","og_description":"Fonctionnalit\u00e9s\u00a0: \u00c9cran : \u00c9cran Dynamic AMOLED de 6.1 pouces Appareil Photo Arri\u00e8re\u00a0: Appareil photo de 50 Mpx grand angle, 10 [&hellip;]","og_url":"https:\/\/lignearabais.ca\/en\/product\/samsung-galaxy-s22\/","og_site_name":"Ligne \u00e0 rabais","article_modified_time":"2025-07-03T14:38:41+00:00","og_image":[{"width":1920,"height":2560,"url":"https:\/\/lignearabais.ca\/wp-content\/uploads\/2024\/10\/S22-noir-3-scaled.jpg","type":"image\/jpeg"}],"twitter_card":"summary_large_image","twitter_misc":{"Est. reading time":"1 minute"},"schema":{"@context":"https:\/\/schema.org","@graph":[{"@type":"WebPage","@id":"https:\/\/lignearabais.ca\/en\/product\/samsung-galaxy-s22\/","url":"https:\/\/lignearabais.ca\/en\/product\/samsung-galaxy-s22\/","name":"Samsung Galaxy S22 - Ligne \u00e0 rabais","isPartOf":{"@id":"https:\/\/lignearabais.ca\/en\/#website"},"datePublished":"2024-10-29T19:48:26+00:00","dateModified":"2025-07-03T14:38:41+00:00","breadcrumb":{"@id":"https:\/\/lignearabais.ca\/en\/product\/samsung-galaxy-s22\/#breadcrumb"},"inLanguage":"en-US","potentialAction":[{"@type":"ReadAction","target":["https:\/\/lignearabais.ca\/en\/product\/samsung-galaxy-s22\/"]}]},{"@type":"BreadcrumbList","@id":"https:\/\/lignearabais.ca\/en\/product\/samsung-galaxy-s22\/#breadcrumb","itemListElement":[{"@type":"ListItem","position":1,"name":"Accueil","item":"https:\/\/lignearabais.ca\/en\/"},{"@type":"ListItem","position":2,"name":"Shop","item":"https:\/\/lignearabais.ca\/en\/shop\/"},{"@type":"ListItem","position":3,"name":"Samsung Galaxy S22"}]},{"@type":"WebSite","@id":"https:\/\/lignearabais.ca\/en\/#website","url":"https:\/\/lignearabais.ca\/en\/","name":"Ligne \u00e0 rabais","description":"","potentialAction":[{"@type":"SearchAction","target":{"@type":"EntryPoint","urlTemplate":"https:\/\/lignearabais.ca\/en\/?s={search_term_string}"},"query-input":{"@type":"PropertyValueSpecification","valueRequired":true,"valueName":"search_term_string"}}],"inLanguage":"en-US"}]}},"_links":{"self":[{"href":"https:\/\/lignearabais.ca\/en\/wp-json\/wp\/v2\/product\/1089","targetHints":{"allow":["GET"]}}],"collection":[{"href":"https:\/\/lignearabais.ca\/en\/wp-json\/wp\/v2\/product"}],"about":[{"href":"https:\/\/lignearabais.ca\/en\/wp-json\/wp\/v2\/types\/product"}],"replies":[{"embeddable":true,"href":"https:\/\/lignearabais.ca\/en\/wp-json\/wp\/v2\/comments?post=1089"}],"wp:attachment":[{"href":"https:\/\/lignearabais.ca\/en\/wp-json\/wp\/v2\/media?parent=1089"}],"wp:term":[{"taxonomy":"product_brand","embeddable":true,"href":"https:\/\/lignearabais.ca\/en\/wp-json\/wp\/v2\/product_brand?post=1089"},{"taxonomy":"product_cat","embeddable":true,"href":"https:\/\/lignearabais.ca\/en\/wp-json\/wp\/v2\/product_cat?post=1089"},{"taxonomy":"product_tag","embeddable":true,"href":"https:\/\/lignearabais.ca\/en\/wp-json\/wp\/v2\/product_tag?post=1089"}],"curies":[{"name":"wp","href":"https:\/\/api.w.org\/{rel}","templated":true}]}}