{"id":11743,"date":"2026-05-14T13:13:31","date_gmt":"2026-05-14T17:13:31","guid":{"rendered":"https:\/\/lignearabais.ca\/?post_type=product&#038;p=11743"},"modified":"2026-05-14T13:38:42","modified_gmt":"2026-05-14T17:38:42","slug":"samsung-galaxy-s25-ultra","status":"publish","type":"product","link":"https:\/\/lignearabais.ca\/en\/product\/samsung-galaxy-s25-ultra\/","title":{"rendered":"Samsung Galaxy S25 Ultra"},"content":{"rendered":"<p><strong>Fonctionnalit\u00e9s :<\/strong><\/p>\n<div>\n<p><strong>\u00c9cran :<\/strong> \u00c9cran Dynamic AMOLED 2X de 6.9 pouces (QHD+, 120 Hz adaptatif)<\/p>\n<p><strong>Appareil Photo Arri\u00e8re :<\/strong> Appareil photo de 200 Mpx grand angle, 50 Mpx t\u00e9l\u00e9objectif (zoom 5x), 10 Mpx t\u00e9l\u00e9objectif (zoom 3x) et 50 Mpx ultra grand angle<\/p>\n<p><strong>Appareil Photo Avant :<\/strong> Appareil photo de 12 Mpx grand angle<\/p>\n<p><strong>Processeur :<\/strong> Qualcomm Snapdragon 8 Elite for Galaxy<\/p>\n<p><strong>RAM :<\/strong> 12 Go<\/p>\n<p><strong>eSIM :<\/strong> Oui<\/p>\n<\/div>\n","protected":false},"excerpt":{"rendered":"Fonctionnalit\u00e9s : \u00c9cran : \u00c9cran Dynamic AMOLED 2X de 6.9 pouces (QHD+, 120 Hz adaptatif) Appareil Photo Arri\u00e8re : Appareil [&hellip;]","protected":false},"featured_media":11760,"comment_status":"closed","ping_status":"closed","template":"","meta":{"_acf_changed":false},"product_brand":[],"product_cat":[43],"product_tag":[],"class_list":{"0":"post-11743","1":"product","2":"type-product","3":"status-publish","4":"has-post-thumbnail","6":"brand-samsung","7":"product_cat-usages","9":"first","10":"instock","11":"taxable","12":"shipping-taxable","13":"purchasable","14":"product-type-variable"},"acf":[],"yoast_head":"<!-- This site is optimized with the Yoast SEO plugin v27.2 - https:\/\/yoast.com\/product\/yoast-seo-wordpress\/ -->\n<title>Samsung Galaxy S25 Ultra - Ligne \u00e0 rabais<\/title>\n<meta name=\"robots\" content=\"index, follow, max-snippet:-1, max-image-preview:large, max-video-preview:-1\" \/>\n<link rel=\"canonical\" href=\"https:\/\/lignearabais.ca\/en\/product\/samsung-galaxy-s25-ultra\/\" \/>\n<meta property=\"og:locale\" content=\"en_US\" \/>\n<meta property=\"og:type\" content=\"article\" \/>\n<meta property=\"og:title\" content=\"Samsung Galaxy S25 Ultra - Ligne \u00e0 rabais\" \/>\n<meta property=\"og:description\" content=\"Fonctionnalit\u00e9s : \u00c9cran : \u00c9cran Dynamic AMOLED 2X de 6.9 pouces (QHD+, 120 Hz adaptatif) Appareil Photo Arri\u00e8re : Appareil [&hellip;]\" \/>\n<meta property=\"og:url\" content=\"https:\/\/lignearabais.ca\/en\/product\/samsung-galaxy-s25-ultra\/\" \/>\n<meta property=\"og:site_name\" content=\"Ligne \u00e0 rabais\" \/>\n<meta property=\"article:modified_time\" content=\"2026-05-14T17:38:42+00:00\" \/>\n<meta property=\"og:image\" content=\"https:\/\/lignearabais.ca\/wp-content\/uploads\/2026\/05\/s25-ultra-noir.png\" \/>\n\t<meta property=\"og:image:width\" content=\"500\" \/>\n\t<meta property=\"og:image:height\" content=\"500\" \/>\n\t<meta property=\"og:image:type\" content=\"image\/png\" \/>\n<meta name=\"twitter:card\" content=\"summary_large_image\" \/>\n<meta name=\"twitter:label1\" content=\"Est. reading time\" \/>\n\t<meta name=\"twitter:data1\" content=\"1 minute\" \/>\n<script type=\"application\/ld+json\" class=\"yoast-schema-graph\">{\"@context\":\"https:\/\/schema.org\",\"@graph\":[{\"@type\":\"WebPage\",\"@id\":\"https:\/\/lignearabais.ca\/en\/product\/samsung-galaxy-s25-ultra\/\",\"url\":\"https:\/\/lignearabais.ca\/en\/product\/samsung-galaxy-s25-ultra\/\",\"name\":\"Samsung Galaxy S25 Ultra - Ligne \u00e0 rabais\",\"isPartOf\":{\"@id\":\"https:\/\/lignearabais.ca\/en\/#website\"},\"primaryImageOfPage\":{\"@id\":\"https:\/\/lignearabais.ca\/en\/product\/samsung-galaxy-s25-ultra\/#primaryimage\"},\"image\":{\"@id\":\"https:\/\/lignearabais.ca\/en\/product\/samsung-galaxy-s25-ultra\/#primaryimage\"},\"thumbnailUrl\":\"https:\/\/lignearabais.ca\/wp-content\/uploads\/2026\/05\/s25-ultra-noir.png\",\"datePublished\":\"2026-05-14T17:13:31+00:00\",\"dateModified\":\"2026-05-14T17:38:42+00:00\",\"breadcrumb\":{\"@id\":\"https:\/\/lignearabais.ca\/en\/product\/samsung-galaxy-s25-ultra\/#breadcrumb\"},\"inLanguage\":\"en-US\",\"potentialAction\":[{\"@type\":\"ReadAction\",\"target\":[\"https:\/\/lignearabais.ca\/en\/product\/samsung-galaxy-s25-ultra\/\"]}]},{\"@type\":\"ImageObject\",\"inLanguage\":\"en-US\",\"@id\":\"https:\/\/lignearabais.ca\/en\/product\/samsung-galaxy-s25-ultra\/#primaryimage\",\"url\":\"https:\/\/lignearabais.ca\/wp-content\/uploads\/2026\/05\/s25-ultra-noir.png\",\"contentUrl\":\"https:\/\/lignearabais.ca\/wp-content\/uploads\/2026\/05\/s25-ultra-noir.png\",\"width\":500,\"height\":500},{\"@type\":\"BreadcrumbList\",\"@id\":\"https:\/\/lignearabais.ca\/en\/product\/samsung-galaxy-s25-ultra\/#breadcrumb\",\"itemListElement\":[{\"@type\":\"ListItem\",\"position\":1,\"name\":\"Accueil\",\"item\":\"https:\/\/lignearabais.ca\/en\/\"},{\"@type\":\"ListItem\",\"position\":2,\"name\":\"Shop\",\"item\":\"https:\/\/lignearabais.ca\/en\/shop\/\"},{\"@type\":\"ListItem\",\"position\":3,\"name\":\"Samsung Galaxy S25 Ultra\"}]},{\"@type\":\"WebSite\",\"@id\":\"https:\/\/lignearabais.ca\/en\/#website\",\"url\":\"https:\/\/lignearabais.ca\/en\/\",\"name\":\"Ligne \u00e0 rabais\",\"description\":\"\",\"potentialAction\":[{\"@type\":\"SearchAction\",\"target\":{\"@type\":\"EntryPoint\",\"urlTemplate\":\"https:\/\/lignearabais.ca\/en\/?s={search_term_string}\"},\"query-input\":{\"@type\":\"PropertyValueSpecification\",\"valueRequired\":true,\"valueName\":\"search_term_string\"}}],\"inLanguage\":\"en-US\"}]}<\/script>\n<!-- \/ Yoast SEO plugin. -->","yoast_head_json":{"title":"Samsung Galaxy S25 Ultra - Ligne \u00e0 rabais","robots":{"index":"index","follow":"follow","max-snippet":"max-snippet:-1","max-image-preview":"max-image-preview:large","max-video-preview":"max-video-preview:-1"},"canonical":"https:\/\/lignearabais.ca\/en\/product\/samsung-galaxy-s25-ultra\/","og_locale":"en_US","og_type":"article","og_title":"Samsung Galaxy S25 Ultra - Ligne \u00e0 rabais","og_description":"Fonctionnalit\u00e9s : \u00c9cran : \u00c9cran Dynamic AMOLED 2X de 6.9 pouces (QHD+, 120 Hz adaptatif) Appareil Photo Arri\u00e8re : Appareil [&hellip;]","og_url":"https:\/\/lignearabais.ca\/en\/product\/samsung-galaxy-s25-ultra\/","og_site_name":"Ligne \u00e0 rabais","article_modified_time":"2026-05-14T17:38:42+00:00","og_image":[{"width":500,"height":500,"url":"https:\/\/lignearabais.ca\/wp-content\/uploads\/2026\/05\/s25-ultra-noir.png","type":"image\/png"}],"twitter_card":"summary_large_image","twitter_misc":{"Est. reading time":"1 minute"},"schema":{"@context":"https:\/\/schema.org","@graph":[{"@type":"WebPage","@id":"https:\/\/lignearabais.ca\/en\/product\/samsung-galaxy-s25-ultra\/","url":"https:\/\/lignearabais.ca\/en\/product\/samsung-galaxy-s25-ultra\/","name":"Samsung Galaxy S25 Ultra - Ligne \u00e0 rabais","isPartOf":{"@id":"https:\/\/lignearabais.ca\/en\/#website"},"primaryImageOfPage":{"@id":"https:\/\/lignearabais.ca\/en\/product\/samsung-galaxy-s25-ultra\/#primaryimage"},"image":{"@id":"https:\/\/lignearabais.ca\/en\/product\/samsung-galaxy-s25-ultra\/#primaryimage"},"thumbnailUrl":"https:\/\/lignearabais.ca\/wp-content\/uploads\/2026\/05\/s25-ultra-noir.png","datePublished":"2026-05-14T17:13:31+00:00","dateModified":"2026-05-14T17:38:42+00:00","breadcrumb":{"@id":"https:\/\/lignearabais.ca\/en\/product\/samsung-galaxy-s25-ultra\/#breadcrumb"},"inLanguage":"en-US","potentialAction":[{"@type":"ReadAction","target":["https:\/\/lignearabais.ca\/en\/product\/samsung-galaxy-s25-ultra\/"]}]},{"@type":"ImageObject","inLanguage":"en-US","@id":"https:\/\/lignearabais.ca\/en\/product\/samsung-galaxy-s25-ultra\/#primaryimage","url":"https:\/\/lignearabais.ca\/wp-content\/uploads\/2026\/05\/s25-ultra-noir.png","contentUrl":"https:\/\/lignearabais.ca\/wp-content\/uploads\/2026\/05\/s25-ultra-noir.png","width":500,"height":500},{"@type":"BreadcrumbList","@id":"https:\/\/lignearabais.ca\/en\/product\/samsung-galaxy-s25-ultra\/#breadcrumb","itemListElement":[{"@type":"ListItem","position":1,"name":"Accueil","item":"https:\/\/lignearabais.ca\/en\/"},{"@type":"ListItem","position":2,"name":"Shop","item":"https:\/\/lignearabais.ca\/en\/shop\/"},{"@type":"ListItem","position":3,"name":"Samsung Galaxy S25 Ultra"}]},{"@type":"WebSite","@id":"https:\/\/lignearabais.ca\/en\/#website","url":"https:\/\/lignearabais.ca\/en\/","name":"Ligne \u00e0 rabais","description":"","potentialAction":[{"@type":"SearchAction","target":{"@type":"EntryPoint","urlTemplate":"https:\/\/lignearabais.ca\/en\/?s={search_term_string}"},"query-input":{"@type":"PropertyValueSpecification","valueRequired":true,"valueName":"search_term_string"}}],"inLanguage":"en-US"}]}},"_links":{"self":[{"href":"https:\/\/lignearabais.ca\/en\/wp-json\/wp\/v2\/product\/11743","targetHints":{"allow":["GET"]}}],"collection":[{"href":"https:\/\/lignearabais.ca\/en\/wp-json\/wp\/v2\/product"}],"about":[{"href":"https:\/\/lignearabais.ca\/en\/wp-json\/wp\/v2\/types\/product"}],"replies":[{"embeddable":true,"href":"https:\/\/lignearabais.ca\/en\/wp-json\/wp\/v2\/comments?post=11743"}],"wp:featuredmedia":[{"embeddable":true,"href":"https:\/\/lignearabais.ca\/en\/wp-json\/wp\/v2\/media\/11760"}],"wp:attachment":[{"href":"https:\/\/lignearabais.ca\/en\/wp-json\/wp\/v2\/media?parent=11743"}],"wp:term":[{"taxonomy":"product_brand","embeddable":true,"href":"https:\/\/lignearabais.ca\/en\/wp-json\/wp\/v2\/product_brand?post=11743"},{"taxonomy":"product_cat","embeddable":true,"href":"https:\/\/lignearabais.ca\/en\/wp-json\/wp\/v2\/product_cat?post=11743"},{"taxonomy":"product_tag","embeddable":true,"href":"https:\/\/lignearabais.ca\/en\/wp-json\/wp\/v2\/product_tag?post=11743"}],"curies":[{"name":"wp","href":"https:\/\/api.w.org\/{rel}","templated":true}]}}